{"id":229,"date":"2014-06-04T20:16:49","date_gmt":"2014-06-04T18:16:49","guid":{"rendered":"http:\/\/dacapo-frankenberg.de\/?page_id=229"},"modified":"2025-07-14T16:34:21","modified_gmt":"2025-07-14T15:34:21","slug":"marius-schmidt-2","status":"publish","type":"page","link":"http:\/\/dacapo-frankenberg.de\/?page_id=229","title":{"rendered":"Marius Schmidt, Bass"},"content":{"rendered":"\t\t<div data-elementor-type=\"wp-page\" data-elementor-id=\"229\" class=\"elementor elementor-229\">\n\t\t\t\t<div class=\"elementor-element elementor-element-30627a1 e-flex e-con-boxed e-con e-parent\" data-id=\"30627a1\" data-element_type=\"container\" data-e-type=\"container\">\n\t\t\t\t\t<div class=\"e-con-inner\">\n\t\t<div class=\"elementor-element elementor-element-3ab2591 e-con-full e-flex e-con e-child\" data-id=\"3ab2591\" data-element_type=\"container\" data-e-type=\"container\">\n\t\t\t\t<div class=\"elementor-element elementor-element-b259798 elementor-widget elementor-widget-text-editor\" data-id=\"b259798\" data-element_type=\"widget\" data-e-type=\"widget\" data-widget_type=\"text-editor.default\">\n\t\t\t\t<div class=\"elementor-widget-container\">\n\t\t\t\t\t\t\t\t\t<p>ist Gr\u00fcndungsmitglied von\u00a0<b><i>Da Capo Frankenberg<\/i><\/b>. Erste Erfahrungen im Gesang sammelte er im Oberstufenchor der Edertalschule Frankenberg. Au\u00dferdem ist er regelm\u00e4\u00dfig bei den Projekten des Frankenberger Kammerchores aktiv.<\/p><p>Marius hat den perfekten Weg gefunden, die 24 Stunden eines Tages voll auszunutzen: Er ist Dirigent der Chorgemeinschaft Somplar-Braunshausen, leitet die Posaunench\u00f6re Bromskirchen und Birkenbringhausen und teilt sich seit 2018 die Stelle des Kreisposaunenwartes des Kirchenkreises Frankenberg mit Kantorin Beate K\u00f6tter. Dar\u00fcber hinaus ist er in den Landeskirchen von Hessen-Nassau und Kurhessen-Waldeck als Pr\u00e4dikant t\u00e4tig.<\/p><p>Seit der Spielzeit 2017 ist er an der Freilichtb\u00fchne Hallenberg als Darsteller und musikalischer Leiter des Kinderst\u00fccks aktiv.<\/p><p>Der studierte Gymnasiallehrer f\u00fcr die F\u00e4cher Franz\u00f6sich und evangelische Religion hat sein Referendariat an der Edertalschule Frankenberg absolviert und ist seit 2014 an der Sekundarschule Medebach-Winterberg t\u00e4tig.<\/p>\t\t\t\t\t\t\t\t<\/div>\n\t\t\t\t<\/div>\n\t\t\t\t<\/div>\n\t\t<div class=\"elementor-element elementor-element-2d14444 e-con-full e-flex e-con e-child\" data-id=\"2d14444\" data-element_type=\"container\" data-e-type=\"container\">\n\t\t<div class=\"elementor-element elementor-element-ed9cf9f e-flex e-con-boxed e-con e-child\" data-id=\"ed9cf9f\" data-element_type=\"container\" data-e-type=\"container\">\n\t\t\t\t\t<div class=\"e-con-inner\">\n\t\t\t\t<div class=\"elementor-element elementor-element-1e08105 elementor-widget elementor-widget-image\" data-id=\"1e08105\" data-element_type=\"widget\" data-e-type=\"widget\" data-widget_type=\"image.default\">\n\t\t\t\t<div class=\"elementor-widget-container\">\n\t\t\t\t\t\t\t\t\t\t\t\t<figure class=\"wp-caption\">\n\t\t\t\t\t\t\t\t\t\t<img fetchpriority=\"high\" decoding=\"async\" width=\"1024\" height=\"740\" src=\"http:\/\/dacapo-frankenberg.de\/wp-content\/uploads\/2018\/09\/IMG_6128-1024x740.jpg\" class=\"attachment-large size-large wp-image-877\" alt=\"\" srcset=\"http:\/\/dacapo-frankenberg.de\/wp-content\/uploads\/2018\/09\/IMG_6128-1024x740.jpg 1024w, http:\/\/dacapo-frankenberg.de\/wp-content\/uploads\/2018\/09\/IMG_6128-300x217.jpg 300w, http:\/\/dacapo-frankenberg.de\/wp-content\/uploads\/2018\/09\/IMG_6128-768x555.jpg 768w, http:\/\/dacapo-frankenberg.de\/wp-content\/uploads\/2018\/09\/IMG_6128-624x451.jpg 624w\" sizes=\"(max-width: 1024px) 100vw, 1024px\" \/>\t\t\t\t\t\t\t\t\t\t\t<figcaption class=\"widget-image-caption wp-caption-text\">Marius Schmidt, Bass<\/figcaption>\n\t\t\t\t\t\t\t\t\t\t<\/figure>\n\t\t\t\t\t\t\t\t\t<\/div>\n\t\t\t\t<\/div>\n\t\t\t\t\t<\/div>\n\t\t\t\t<\/div>\n\t\t<div class=\"elementor-element elementor-element-8e3b3e9 e-flex e-con-boxed e-con e-child\" data-id=\"8e3b3e9\" data-element_type=\"container\" data-e-type=\"container\">\n\t\t\t\t\t<div class=\"e-con-inner\">\n\t\t\t\t\t<\/div>\n\t\t\t\t<\/div>\n\t\t\t\t<\/div>\n\t\t\t\t\t<\/div>\n\t\t\t\t<\/div>\n\t\t\t\t<\/div>\n\t\t","protected":false},"excerpt":{"rendered":"<p>ist Gr\u00fcndungsmitglied von\u00a0Da Capo Frankenberg. Erste Erfahrungen im Gesang sammelte er im Oberstufenchor der Edertalschule Frankenberg. Au\u00dferdem ist er regelm\u00e4\u00dfig bei den Projekten des Frankenberger Kammerchores aktiv. Marius hat den perfekten Weg gefunden, die 24 Stunden eines Tages voll auszunutzen: Er ist Dirigent der Chorgemeinschaft Somplar-Braunshausen, leitet die Posaunench\u00f6re Bromskirchen und Birkenbringhausen und teilt sich [&hellip;]<\/p>\n","protected":false},"author":1,"featured_media":0,"parent":91,"menu_order":40,"comment_status":"closed","ping_status":"closed","template":"","meta":{"ngg_post_thumbnail":0,"ocean_post_layout":"","ocean_both_sidebars_style":"","ocean_both_sidebars_content_width":0,"ocean_both_sidebars_sidebars_width":0,"ocean_sidebar":"","ocean_second_sidebar":"","ocean_disable_margins":"enable","ocean_add_body_class":"","ocean_shortcode_before_top_bar":"","ocean_shortcode_after_top_bar":"","ocean_shortcode_before_header":"","ocean_shortcode_after_header":"","ocean_has_shortcode":"","ocean_shortcode_after_title":"","ocean_shortcode_before_footer_widgets":"","ocean_shortcode_after_footer_widgets":"","ocean_shortcode_before_footer_bottom":"","ocean_shortcode_after_footer_bottom":"","ocean_display_top_bar":"default","ocean_display_header":"default","ocean_header_style":"","ocean_center_header_left_menu":"","ocean_custom_header_template":"","ocean_custom_logo":0,"ocean_custom_retina_logo":0,"ocean_custom_logo_max_width":0,"ocean_custom_logo_tablet_max_width":0,"ocean_custom_logo_mobile_max_width":0,"ocean_custom_logo_max_height":0,"ocean_custom_logo_tablet_max_height":0,"ocean_custom_logo_mobile_max_height":0,"ocean_header_custom_menu":"","ocean_menu_typo_font_family":"","ocean_menu_typo_font_subset":"","ocean_menu_typo_font_size":0,"ocean_menu_typo_font_size_tablet":0,"ocean_menu_typo_font_size_mobile":0,"ocean_menu_typo_font_size_unit":"px","ocean_menu_typo_font_weight":"","ocean_menu_typo_font_weight_tablet":"","ocean_menu_typo_font_weight_mobile":"","ocean_menu_typo_transform":"","ocean_menu_typo_transform_tablet":"","ocean_menu_typo_transform_mobile":"","ocean_menu_typo_line_height":0,"ocean_menu_typo_line_height_tablet":0,"ocean_menu_typo_line_height_mobile":0,"ocean_menu_typo_line_height_unit":"","ocean_menu_typo_spacing":0,"ocean_menu_typo_spacing_tablet":0,"ocean_menu_typo_spacing_mobile":0,"ocean_menu_typo_spacing_unit":"","ocean_menu_link_color":"","ocean_menu_link_color_hover":"","ocean_menu_link_color_active":"","ocean_menu_link_background":"","ocean_menu_link_hover_background":"","ocean_menu_link_active_background":"","ocean_menu_social_links_bg":"","ocean_menu_social_hover_links_bg":"","ocean_menu_social_links_color":"","ocean_menu_social_hover_links_color":"","ocean_disable_title":"default","ocean_disable_heading":"default","ocean_post_title":"","ocean_post_subheading":"","ocean_post_title_style":"","ocean_post_title_background_color":"","ocean_post_title_background":0,"ocean_post_title_bg_image_position":"","ocean_post_title_bg_image_attachment":"","ocean_post_title_bg_image_repeat":"","ocean_post_title_bg_image_size":"","ocean_post_title_height":0,"ocean_post_title_bg_overlay":0.5,"ocean_post_title_bg_overlay_color":"","ocean_disable_breadcrumbs":"default","ocean_breadcrumbs_color":"","ocean_breadcrumbs_separator_color":"","ocean_breadcrumbs_links_color":"","ocean_breadcrumbs_links_hover_color":"","ocean_display_footer_widgets":"default","ocean_display_footer_bottom":"default","ocean_custom_footer_template":"","footnotes":""},"class_list":["post-229","page","type-page","status-publish","hentry","entry"],"_links":{"self":[{"href":"http:\/\/dacapo-frankenberg.de\/index.php?rest_route=\/wp\/v2\/pages\/229","targetHints":{"allow":["GET"]}}],"collection":[{"href":"http:\/\/dacapo-frankenberg.de\/index.php?rest_route=\/wp\/v2\/pages"}],"about":[{"href":"http:\/\/dacapo-frankenberg.de\/index.php?rest_route=\/wp\/v2\/types\/page"}],"author":[{"embeddable":true,"href":"http:\/\/dacapo-frankenberg.de\/index.php?rest_route=\/wp\/v2\/users\/1"}],"replies":[{"embeddable":true,"href":"http:\/\/dacapo-frankenberg.de\/index.php?rest_route=%2Fwp%2Fv2%2Fcomments&post=229"}],"version-history":[{"count":16,"href":"http:\/\/dacapo-frankenberg.de\/index.php?rest_route=\/wp\/v2\/pages\/229\/revisions"}],"predecessor-version":[{"id":1283,"href":"http:\/\/dacapo-frankenberg.de\/index.php?rest_route=\/wp\/v2\/pages\/229\/revisions\/1283"}],"up":[{"embeddable":true,"href":"http:\/\/dacapo-frankenberg.de\/index.php?rest_route=\/wp\/v2\/pages\/91"}],"wp:attachment":[{"href":"http:\/\/dacapo-frankenberg.de\/index.php?rest_route=%2Fwp%2Fv2%2Fmedia&parent=229"}],"curies":[{"name":"wp","href":"https:\/\/api.w.org\/{rel}","templated":true}]}}