{"id":581,"date":"2017-06-24T21:14:48","date_gmt":"2017-06-24T19:14:48","guid":{"rendered":"http:\/\/dacapo-frankenberg.de\/?page_id=581"},"modified":"2025-07-14T16:34:29","modified_gmt":"2025-07-14T15:34:29","slug":"samuel-huhn-bariton-und-klavier","status":"publish","type":"page","link":"http:\/\/dacapo-frankenberg.de\/?page_id=581","title":{"rendered":"Samuel Huhn, Bariton und Klavier"},"content":{"rendered":"\t\t<div data-elementor-type=\"wp-page\" data-elementor-id=\"581\" class=\"elementor elementor-581\">\n\t\t\t\t<div class=\"elementor-element elementor-element-5d165e6 e-flex e-con-boxed e-con e-parent\" data-id=\"5d165e6\" data-element_type=\"container\" data-e-type=\"container\">\n\t\t\t\t\t<div class=\"e-con-inner\">\n\t\t<div class=\"elementor-element elementor-element-999aced e-con-full e-flex e-con e-child\" data-id=\"999aced\" data-element_type=\"container\" data-e-type=\"container\">\n\t\t\t\t<div class=\"elementor-element elementor-element-3833066 elementor-widget elementor-widget-text-editor\" data-id=\"3833066\" data-element_type=\"widget\" data-e-type=\"widget\" data-widget_type=\"text-editor.default\">\n\t\t\t\t<div class=\"elementor-widget-container\">\n\t\t\t\t\t\t\t\t\t<p>erhielt seinen ersten Klavier- und Orgelunterricht bei Irene Tripp in Frankenberg. Fagott lernte er bei Eduard Remfert, ebenfalls in Frankenberg. \u00dcber viele Jahre war er engagiert als Fagottist im Jugendsinfonieorchester der Edertalschule Frankenberg aktiv, \u00fcbernahm auch solistische T\u00e4tigkeiten und war f\u00fcr das Orchester und andere Ensembles ebenfalls als Arrangeur t\u00e4tig.Im Jahr 2016 hat er seine C-Pr\u00fcfung im Fach Chorleitung an der \u201eKirchenmusikalischen Fortbildungsst\u00e4tte Schl\u00fcchtern\u201c abgelegt.<br \/>Seit dem Wintersemester 2016\/2017 studiert er Kirchenmusik an der Hochschule f\u00fcr Kirchenmusik in Heidelberg, dort erh\u00e4lt er Tubaunterricht bei Tibor Szegedi.<br \/>Samuel Huhn ist Preistr\u00e4ger der Sparkassen-Wettbewerbe f\u00fcr junge Musiker der Jahre 2009, 2011 und 2013, sowie des Wettbewerbs \u201eJugend musiziert\u201c 2012 in Kassel.<\/p>\t\t\t\t\t\t\t\t<\/div>\n\t\t\t\t<\/div>\n\t\t\t\t<\/div>\n\t\t<div class=\"elementor-element elementor-element-f350e26 e-con-full e-flex e-con e-child\" data-id=\"f350e26\" data-element_type=\"container\" data-e-type=\"container\">\n\t\t\t\t<div class=\"elementor-element elementor-element-f525fe4 elementor-widget elementor-widget-image\" data-id=\"f525fe4\" data-element_type=\"widget\" data-e-type=\"widget\" data-widget_type=\"image.default\">\n\t\t\t\t<div class=\"elementor-widget-container\">\n\t\t\t\t\t\t\t\t\t\t\t\t<figure class=\"wp-caption\">\n\t\t\t\t\t\t\t\t\t\t<img fetchpriority=\"high\" decoding=\"async\" width=\"1024\" height=\"678\" src=\"http:\/\/dacapo-frankenberg.de\/wp-content\/uploads\/2017\/06\/Samuel-1024x678.jpg\" class=\"attachment-large size-large wp-image-583\" alt=\"\" srcset=\"http:\/\/dacapo-frankenberg.de\/wp-content\/uploads\/2017\/06\/Samuel-1024x678.jpg 1024w, http:\/\/dacapo-frankenberg.de\/wp-content\/uploads\/2017\/06\/Samuel-300x199.jpg 300w, http:\/\/dacapo-frankenberg.de\/wp-content\/uploads\/2017\/06\/Samuel-768x509.jpg 768w, http:\/\/dacapo-frankenberg.de\/wp-content\/uploads\/2017\/06\/Samuel-624x413.jpg 624w\" sizes=\"(max-width: 1024px) 100vw, 1024px\" \/>\t\t\t\t\t\t\t\t\t\t\t<figcaption class=\"widget-image-caption wp-caption-text\">Samuel Huhn, Bariton und Klavier<\/figcaption>\n\t\t\t\t\t\t\t\t\t\t<\/figure>\n\t\t\t\t\t\t\t\t\t<\/div>\n\t\t\t\t<\/div>\n\t\t\t\t<\/div>\n\t\t\t\t\t<\/div>\n\t\t\t\t<\/div>\n\t\t\t\t<\/div>\n\t\t","protected":false},"excerpt":{"rendered":"<p>erhielt seinen ersten Klavier- und Orgelunterricht bei Irene Tripp in Frankenberg. Fagott lernte er bei Eduard Remfert, ebenfalls in Frankenberg. \u00dcber viele Jahre war er engagiert als Fagottist im Jugendsinfonieorchester der Edertalschule Frankenberg aktiv, \u00fcbernahm auch solistische T\u00e4tigkeiten und war f\u00fcr das Orchester und andere Ensembles ebenfalls als Arrangeur t\u00e4tig.Im Jahr 2016 hat er seine [&hellip;]<\/p>\n","protected":false},"author":1,"featured_media":0,"parent":91,"menu_order":50,"comment_status":"closed","ping_status":"closed","template":"","meta":{"ngg_post_thumbnail":0,"ocean_post_layout":"","ocean_both_sidebars_style":"","ocean_both_sidebars_content_width":0,"ocean_both_sidebars_sidebars_width":0,"ocean_sidebar":"","ocean_second_sidebar":"","ocean_disable_margins":"enable","ocean_add_body_class":"","ocean_shortcode_before_top_bar":"","ocean_shortcode_after_top_bar":"","ocean_shortcode_before_header":"","ocean_shortcode_after_header":"","ocean_has_shortcode":"","ocean_shortcode_after_title":"","ocean_shortcode_before_footer_widgets":"","ocean_shortcode_after_footer_widgets":"","ocean_shortcode_before_footer_bottom":"","ocean_shortcode_after_footer_bottom":"","ocean_display_top_bar":"default","ocean_display_header":"default","ocean_header_style":"","ocean_center_header_left_menu":"","ocean_custom_header_template":"","ocean_custom_logo":0,"ocean_custom_retina_logo":0,"ocean_custom_logo_max_width":0,"ocean_custom_logo_tablet_max_width":0,"ocean_custom_logo_mobile_max_width":0,"ocean_custom_logo_max_height":0,"ocean_custom_logo_tablet_max_height":0,"ocean_custom_logo_mobile_max_height":0,"ocean_header_custom_menu":"","ocean_menu_typo_font_family":"","ocean_menu_typo_font_subset":"","ocean_menu_typo_font_size":0,"ocean_menu_typo_font_size_tablet":0,"ocean_menu_typo_font_size_mobile":0,"ocean_menu_typo_font_size_unit":"px","ocean_menu_typo_font_weight":"","ocean_menu_typo_font_weight_tablet":"","ocean_menu_typo_font_weight_mobile":"","ocean_menu_typo_transform":"","ocean_menu_typo_transform_tablet":"","ocean_menu_typo_transform_mobile":"","ocean_menu_typo_line_height":0,"ocean_menu_typo_line_height_tablet":0,"ocean_menu_typo_line_height_mobile":0,"ocean_menu_typo_line_height_unit":"","ocean_menu_typo_spacing":0,"ocean_menu_typo_spacing_tablet":0,"ocean_menu_typo_spacing_mobile":0,"ocean_menu_typo_spacing_unit":"","ocean_menu_link_color":"","ocean_menu_link_color_hover":"","ocean_menu_link_color_active":"","ocean_menu_link_background":"","ocean_menu_link_hover_background":"","ocean_menu_link_active_background":"","ocean_menu_social_links_bg":"","ocean_menu_social_hover_links_bg":"","ocean_menu_social_links_color":"","ocean_menu_social_hover_links_color":"","ocean_disable_title":"default","ocean_disable_heading":"default","ocean_post_title":"","ocean_post_subheading":"","ocean_post_title_style":"","ocean_post_title_background_color":"","ocean_post_title_background":0,"ocean_post_title_bg_image_position":"","ocean_post_title_bg_image_attachment":"","ocean_post_title_bg_image_repeat":"","ocean_post_title_bg_image_size":"","ocean_post_title_height":0,"ocean_post_title_bg_overlay":0.5,"ocean_post_title_bg_overlay_color":"","ocean_disable_breadcrumbs":"default","ocean_breadcrumbs_color":"","ocean_breadcrumbs_separator_color":"","ocean_breadcrumbs_links_color":"","ocean_breadcrumbs_links_hover_color":"","ocean_display_footer_widgets":"default","ocean_display_footer_bottom":"default","ocean_custom_footer_template":"","footnotes":""},"class_list":["post-581","page","type-page","status-publish","hentry","entry"],"_links":{"self":[{"href":"http:\/\/dacapo-frankenberg.de\/index.php?rest_route=\/wp\/v2\/pages\/581","targetHints":{"allow":["GET"]}}],"collection":[{"href":"http:\/\/dacapo-frankenberg.de\/index.php?rest_route=\/wp\/v2\/pages"}],"about":[{"href":"http:\/\/dacapo-frankenberg.de\/index.php?rest_route=\/wp\/v2\/types\/page"}],"author":[{"embeddable":true,"href":"http:\/\/dacapo-frankenberg.de\/index.php?rest_route=\/wp\/v2\/users\/1"}],"replies":[{"embeddable":true,"href":"http:\/\/dacapo-frankenberg.de\/index.php?rest_route=%2Fwp%2Fv2%2Fcomments&post=581"}],"version-history":[{"count":9,"href":"http:\/\/dacapo-frankenberg.de\/index.php?rest_route=\/wp\/v2\/pages\/581\/revisions"}],"predecessor-version":[{"id":1192,"href":"http:\/\/dacapo-frankenberg.de\/index.php?rest_route=\/wp\/v2\/pages\/581\/revisions\/1192"}],"up":[{"embeddable":true,"href":"http:\/\/dacapo-frankenberg.de\/index.php?rest_route=\/wp\/v2\/pages\/91"}],"wp:attachment":[{"href":"http:\/\/dacapo-frankenberg.de\/index.php?rest_route=%2Fwp%2Fv2%2Fmedia&parent=581"}],"curies":[{"name":"wp","href":"https:\/\/api.w.org\/{rel}","templated":true}]}}