{"id":586,"date":"2017-06-24T21:15:02","date_gmt":"2017-06-24T19:15:02","guid":{"rendered":"http:\/\/dacapo-frankenberg.de\/?page_id=586"},"modified":"2025-07-14T16:33:45","modified_gmt":"2025-07-14T15:33:45","slug":"benedikt-huhn-tenor-und-bariton","status":"publish","type":"page","link":"http:\/\/dacapo-frankenberg.de\/?page_id=586","title":{"rendered":"Benedikt Huhn, Tenor"},"content":{"rendered":"<p>erhielt seinen ersten Geigenunterricht bei Jan Oracko in Frankenberg, seinen ersten\u00a0 Posaunenunterricht erhielt er bei Sebastian Stricker in Bottendorf. Er war viele Jahre Mitglied, einige davon als Konzertmeister, des Jugendsinfonieorchesters der Edertalschule Frankenberg unter Leitung von Markus Wagener. Er ist ebenfalls Konzertmeister der \u201eJungen Hessischen Philharmonie\u201c unter der Leitung von Burchhard Sch\u00e4fer, au\u00dferdem ist er ein gefragter S\u00e4nger in verschiedenen Ch\u00f6ren des Kirchenkreises Frankenberg.<\/p>\n<p>Seine gr\u00f6\u00dfte Leidenschaft gilt dem Posaunespielen. Hier ist er bereits seit l\u00e4ngerer Zeit in verschiedenen Orchestern sehr gefragt und ebenfalls als Solist t\u00e4tig. Im August 2018 spielte er im solistisch besetzten Instrumentalensemble in der Kinderoper \u201eAn der Arche um 8\u201c von Stefan K\u00f6nig in Erfurt Tenorhorn.<\/p>\n<p>Benedikt Huhn ist Preistr\u00e4ger der Sparkassen-Wettbewerbe f\u00fcr junge Musiker der Jahre 2011, 2013, 2015 und 2017, sowie des Wettbewerbs \u201eJugend musiziert\u201c 2016 in Kassel.<\/p>\n<p>Mit dem Wintersemester 2018\/2019 nimmt er sein k\u00fcnstlerisches Studium mit dem Hauptfach Posaune an der Hochschule f\u00fcr Musik \u201eFranz Liszt\u201c in Weimar in der Klasse von Prof. Christian Sprenger auf.<\/p>\n<p>Benedikt Huhn ist seit 2016 Mitglied des Ensembles\u00a0<em><strong>Da Capo Frankenberg<\/strong><\/em>.<\/p>\n<style>\/*! elementor - v3.18.0 - 20-12-2023 *\/\n.elementor-widget-image{text-align:center}.elementor-widget-image a{display:inline-block}.elementor-widget-image a img[src$=\".svg\"]{width:48px}.elementor-widget-image img{vertical-align:middle;display:inline-block}<\/style>\n<figure>\n\t\t\t\t\t\t\t\t\t\t<img fetchpriority=\"high\" decoding=\"async\" width=\"1024\" height=\"678\" src=\"http:\/\/dacapo-frankenberg.de\/wp-content\/uploads\/2017\/06\/Benedikt-1024x678.jpg\" alt=\"\" srcset=\"http:\/\/dacapo-frankenberg.de\/wp-content\/uploads\/2017\/06\/Benedikt-1024x678.jpg 1024w, http:\/\/dacapo-frankenberg.de\/wp-content\/uploads\/2017\/06\/Benedikt-300x199.jpg 300w, http:\/\/dacapo-frankenberg.de\/wp-content\/uploads\/2017\/06\/Benedikt-768x509.jpg 768w, http:\/\/dacapo-frankenberg.de\/wp-content\/uploads\/2017\/06\/Benedikt-624x413.jpg 624w\" sizes=\"(max-width: 1024px) 100vw, 1024px\" \/><figcaption>Benedikt Huhn, Tenor<\/figcaption><\/figure>\n","protected":false},"excerpt":{"rendered":"<p>erhielt seinen ersten Geigenunterricht bei Jan Oracko in Frankenberg, seinen ersten\u00a0 Posaunenunterricht erhielt er bei Sebastian Stricker in Bottendorf. Er war viele Jahre Mitglied, einige davon als Konzertmeister, des Jugendsinfonieorchesters der Edertalschule Frankenberg unter Leitung von Markus Wagener. Er ist ebenfalls Konzertmeister der \u201eJungen Hessischen Philharmonie\u201c unter der Leitung von Burchhard Sch\u00e4fer, au\u00dferdem ist er [&hellip;]<\/p>\n","protected":false},"author":1,"featured_media":0,"parent":91,"menu_order":30,"comment_status":"closed","ping_status":"closed","template":"","meta":{"ngg_post_thumbnail":0,"ocean_post_layout":"","ocean_both_sidebars_style":"","ocean_both_sidebars_content_width":0,"ocean_both_sidebars_sidebars_width":0,"ocean_sidebar":"","ocean_second_sidebar":"","ocean_disable_margins":"enable","ocean_add_body_class":"","ocean_shortcode_before_top_bar":"","ocean_shortcode_after_top_bar":"","ocean_shortcode_before_header":"","ocean_shortcode_after_header":"","ocean_has_shortcode":"","ocean_shortcode_after_title":"","ocean_shortcode_before_footer_widgets":"","ocean_shortcode_after_footer_widgets":"","ocean_shortcode_before_footer_bottom":"","ocean_shortcode_after_footer_bottom":"","ocean_display_top_bar":"default","ocean_display_header":"default","ocean_header_style":"","ocean_center_header_left_menu":"","ocean_custom_header_template":"","ocean_custom_logo":0,"ocean_custom_retina_logo":0,"ocean_custom_logo_max_width":0,"ocean_custom_logo_tablet_max_width":0,"ocean_custom_logo_mobile_max_width":0,"ocean_custom_logo_max_height":0,"ocean_custom_logo_tablet_max_height":0,"ocean_custom_logo_mobile_max_height":0,"ocean_header_custom_menu":"","ocean_menu_typo_font_family":"","ocean_menu_typo_font_subset":"","ocean_menu_typo_font_size":0,"ocean_menu_typo_font_size_tablet":0,"ocean_menu_typo_font_size_mobile":0,"ocean_menu_typo_font_size_unit":"px","ocean_menu_typo_font_weight":"","ocean_menu_typo_font_weight_tablet":"","ocean_menu_typo_font_weight_mobile":"","ocean_menu_typo_transform":"","ocean_menu_typo_transform_tablet":"","ocean_menu_typo_transform_mobile":"","ocean_menu_typo_line_height":0,"ocean_menu_typo_line_height_tablet":0,"ocean_menu_typo_line_height_mobile":0,"ocean_menu_typo_line_height_unit":"","ocean_menu_typo_spacing":0,"ocean_menu_typo_spacing_tablet":0,"ocean_menu_typo_spacing_mobile":0,"ocean_menu_typo_spacing_unit":"","ocean_menu_link_color":"","ocean_menu_link_color_hover":"","ocean_menu_link_color_active":"","ocean_menu_link_background":"","ocean_menu_link_hover_background":"","ocean_menu_link_active_background":"","ocean_menu_social_links_bg":"","ocean_menu_social_hover_links_bg":"","ocean_menu_social_links_color":"","ocean_menu_social_hover_links_color":"","ocean_disable_title":"default","ocean_disable_heading":"default","ocean_post_title":"","ocean_post_subheading":"","ocean_post_title_style":"","ocean_post_title_background_color":"","ocean_post_title_background":0,"ocean_post_title_bg_image_position":"","ocean_post_title_bg_image_attachment":"","ocean_post_title_bg_image_repeat":"","ocean_post_title_bg_image_size":"","ocean_post_title_height":0,"ocean_post_title_bg_overlay":0.5,"ocean_post_title_bg_overlay_color":"","ocean_disable_breadcrumbs":"default","ocean_breadcrumbs_color":"","ocean_breadcrumbs_separator_color":"","ocean_breadcrumbs_links_color":"","ocean_breadcrumbs_links_hover_color":"","ocean_display_footer_widgets":"default","ocean_display_footer_bottom":"default","ocean_custom_footer_template":"","footnotes":""},"class_list":["post-586","page","type-page","status-publish","hentry","entry"],"_links":{"self":[{"href":"http:\/\/dacapo-frankenberg.de\/index.php?rest_route=\/wp\/v2\/pages\/586","targetHints":{"allow":["GET"]}}],"collection":[{"href":"http:\/\/dacapo-frankenberg.de\/index.php?rest_route=\/wp\/v2\/pages"}],"about":[{"href":"http:\/\/dacapo-frankenberg.de\/index.php?rest_route=\/wp\/v2\/types\/page"}],"author":[{"embeddable":true,"href":"http:\/\/dacapo-frankenberg.de\/index.php?rest_route=\/wp\/v2\/users\/1"}],"replies":[{"embeddable":true,"href":"http:\/\/dacapo-frankenberg.de\/index.php?rest_route=%2Fwp%2Fv2%2Fcomments&post=586"}],"version-history":[{"count":9,"href":"http:\/\/dacapo-frankenberg.de\/index.php?rest_route=\/wp\/v2\/pages\/586\/revisions"}],"predecessor-version":[{"id":1179,"href":"http:\/\/dacapo-frankenberg.de\/index.php?rest_route=\/wp\/v2\/pages\/586\/revisions\/1179"}],"up":[{"embeddable":true,"href":"http:\/\/dacapo-frankenberg.de\/index.php?rest_route=\/wp\/v2\/pages\/91"}],"wp:attachment":[{"href":"http:\/\/dacapo-frankenberg.de\/index.php?rest_route=%2Fwp%2Fv2%2Fmedia&parent=586"}],"curies":[{"name":"wp","href":"https:\/\/api.w.org\/{rel}","templated":true}]}}