{"id":635,"date":"2018-09-01T11:32:25","date_gmt":"2018-09-01T09:32:25","guid":{"rendered":"http:\/\/dacapo-frankenberg.de\/?page_id=635"},"modified":"2025-07-14T16:33:26","modified_gmt":"2025-07-14T15:33:26","slug":"weena-doert-alt","status":"publish","type":"page","link":"http:\/\/dacapo-frankenberg.de\/?page_id=635","title":{"rendered":"Weena Doert, Alt"},"content":{"rendered":"\t\t<div data-elementor-type=\"wp-page\" data-elementor-id=\"635\" class=\"elementor elementor-635\">\n\t\t\t\t<div class=\"elementor-element elementor-element-ce633df e-flex e-con-boxed e-con e-parent\" data-id=\"ce633df\" data-element_type=\"container\" data-e-type=\"container\">\n\t\t\t\t\t<div class=\"e-con-inner\">\n\t\t<div class=\"elementor-element elementor-element-e2c48aa e-con-full e-flex e-con e-child\" data-id=\"e2c48aa\" data-element_type=\"container\" data-e-type=\"container\">\n\t\t\t\t<div class=\"elementor-element elementor-element-39eea90 elementor-widget elementor-widget-text-editor\" data-id=\"39eea90\" data-element_type=\"widget\" data-e-type=\"widget\" data-widget_type=\"text-editor.default\">\n\t\t\t\t<div class=\"elementor-widget-container\">\n\t\t\t\t\t\t\t\t\t<p>ist seit 2017 Mitglied des Ensembles\u00a0<em><strong>Da Capo Frankenberg<\/strong><\/em>. Die gelernte B\u00fcrokauffrau spielt bereits seit ihrem 5. Lebensjahr Akkordeon und war mit diesem Instrument Mitglied des Jugendorchesters Rhadern unter der Leitung von Gisela Grosche. Seit 1994 ist sie eine gefragte S\u00e4ngerin in Ch\u00f6ren und\u00a0 Ensembles wie dem Frauenchor \u201eMeloDivas\u201c Rhadern dem Frauenensemble \u201eLadies in Black\u201c, au\u00dferdem war sie als S\u00e4ngerin in verschiedenen Bands im Raum Kassel t\u00e4tig.<\/p>\t\t\t\t\t\t\t\t<\/div>\n\t\t\t\t<\/div>\n\t\t\t\t<\/div>\n\t\t<div class=\"elementor-element elementor-element-f586fdb e-con-full e-flex e-con e-child\" data-id=\"f586fdb\" data-element_type=\"container\" data-e-type=\"container\">\n\t\t\t\t<div class=\"elementor-element elementor-element-3cdadb9 elementor-widget elementor-widget-image\" data-id=\"3cdadb9\" data-element_type=\"widget\" data-e-type=\"widget\" data-widget_type=\"image.default\">\n\t\t\t\t<div class=\"elementor-widget-container\">\n\t\t\t\t\t\t\t\t\t\t\t\t<figure class=\"wp-caption\">\n\t\t\t\t\t\t\t\t\t\t<img fetchpriority=\"high\" decoding=\"async\" width=\"1024\" height=\"679\" src=\"http:\/\/dacapo-frankenberg.de\/wp-content\/uploads\/2018\/09\/DSC_6350_02-3-1024x679.png\" class=\"attachment-large size-large wp-image-814\" alt=\"\" srcset=\"http:\/\/dacapo-frankenberg.de\/wp-content\/uploads\/2018\/09\/DSC_6350_02-3-1024x679.png 1024w, http:\/\/dacapo-frankenberg.de\/wp-content\/uploads\/2018\/09\/DSC_6350_02-3-300x199.png 300w, http:\/\/dacapo-frankenberg.de\/wp-content\/uploads\/2018\/09\/DSC_6350_02-3-768x509.png 768w, http:\/\/dacapo-frankenberg.de\/wp-content\/uploads\/2018\/09\/DSC_6350_02-3-624x414.png 624w, http:\/\/dacapo-frankenberg.de\/wp-content\/uploads\/2018\/09\/DSC_6350_02-3.png 1500w\" sizes=\"(max-width: 1024px) 100vw, 1024px\" \/>\t\t\t\t\t\t\t\t\t\t\t<figcaption class=\"widget-image-caption wp-caption-text\">Weena Doert, Alt<\/figcaption>\n\t\t\t\t\t\t\t\t\t\t<\/figure>\n\t\t\t\t\t\t\t\t\t<\/div>\n\t\t\t\t<\/div>\n\t\t\t\t<\/div>\n\t\t\t\t\t<\/div>\n\t\t\t\t<\/div>\n\t\t\t\t<\/div>\n\t\t","protected":false},"excerpt":{"rendered":"<p>ist seit 2017 Mitglied des Ensembles\u00a0Da Capo Frankenberg. Die gelernte B\u00fcrokauffrau spielt bereits seit ihrem 5. Lebensjahr Akkordeon und war mit diesem Instrument Mitglied des Jugendorchesters Rhadern unter der Leitung von Gisela Grosche. Seit 1994 ist sie eine gefragte S\u00e4ngerin in Ch\u00f6ren und\u00a0 Ensembles wie dem Frauenchor \u201eMeloDivas\u201c Rhadern dem Frauenensemble \u201eLadies in Black\u201c, au\u00dferdem [&hellip;]<\/p>\n","protected":false},"author":1,"featured_media":0,"parent":91,"menu_order":21,"comment_status":"closed","ping_status":"closed","template":"","meta":{"ngg_post_thumbnail":0,"ocean_post_layout":"","ocean_both_sidebars_style":"","ocean_both_sidebars_content_width":0,"ocean_both_sidebars_sidebars_width":0,"ocean_sidebar":"","ocean_second_sidebar":"","ocean_disable_margins":"enable","ocean_add_body_class":"","ocean_shortcode_before_top_bar":"","ocean_shortcode_after_top_bar":"","ocean_shortcode_before_header":"","ocean_shortcode_after_header":"","ocean_has_shortcode":"","ocean_shortcode_after_title":"","ocean_shortcode_before_footer_widgets":"","ocean_shortcode_after_footer_widgets":"","ocean_shortcode_before_footer_bottom":"","ocean_shortcode_after_footer_bottom":"","ocean_display_top_bar":"default","ocean_display_header":"default","ocean_header_style":"","ocean_center_header_left_menu":"","ocean_custom_header_template":"","ocean_custom_logo":0,"ocean_custom_retina_logo":0,"ocean_custom_logo_max_width":0,"ocean_custom_logo_tablet_max_width":0,"ocean_custom_logo_mobile_max_width":0,"ocean_custom_logo_max_height":0,"ocean_custom_logo_tablet_max_height":0,"ocean_custom_logo_mobile_max_height":0,"ocean_header_custom_menu":"","ocean_menu_typo_font_family":"","ocean_menu_typo_font_subset":"","ocean_menu_typo_font_size":0,"ocean_menu_typo_font_size_tablet":0,"ocean_menu_typo_font_size_mobile":0,"ocean_menu_typo_font_size_unit":"px","ocean_menu_typo_font_weight":"","ocean_menu_typo_font_weight_tablet":"","ocean_menu_typo_font_weight_mobile":"","ocean_menu_typo_transform":"","ocean_menu_typo_transform_tablet":"","ocean_menu_typo_transform_mobile":"","ocean_menu_typo_line_height":0,"ocean_menu_typo_line_height_tablet":0,"ocean_menu_typo_line_height_mobile":0,"ocean_menu_typo_line_height_unit":"","ocean_menu_typo_spacing":0,"ocean_menu_typo_spacing_tablet":0,"ocean_menu_typo_spacing_mobile":0,"ocean_menu_typo_spacing_unit":"","ocean_menu_link_color":"","ocean_menu_link_color_hover":"","ocean_menu_link_color_active":"","ocean_menu_link_background":"","ocean_menu_link_hover_background":"","ocean_menu_link_active_background":"","ocean_menu_social_links_bg":"","ocean_menu_social_hover_links_bg":"","ocean_menu_social_links_color":"","ocean_menu_social_hover_links_color":"","ocean_disable_title":"default","ocean_disable_heading":"default","ocean_post_title":"","ocean_post_subheading":"","ocean_post_title_style":"","ocean_post_title_background_color":"","ocean_post_title_background":0,"ocean_post_title_bg_image_position":"","ocean_post_title_bg_image_attachment":"","ocean_post_title_bg_image_repeat":"","ocean_post_title_bg_image_size":"","ocean_post_title_height":0,"ocean_post_title_bg_overlay":0.5,"ocean_post_title_bg_overlay_color":"","ocean_disable_breadcrumbs":"default","ocean_breadcrumbs_color":"","ocean_breadcrumbs_separator_color":"","ocean_breadcrumbs_links_color":"","ocean_breadcrumbs_links_hover_color":"","ocean_display_footer_widgets":"default","ocean_display_footer_bottom":"default","ocean_custom_footer_template":"","footnotes":""},"class_list":["post-635","page","type-page","status-publish","hentry","entry"],"_links":{"self":[{"href":"http:\/\/dacapo-frankenberg.de\/index.php?rest_route=\/wp\/v2\/pages\/635","targetHints":{"allow":["GET"]}}],"collection":[{"href":"http:\/\/dacapo-frankenberg.de\/index.php?rest_route=\/wp\/v2\/pages"}],"about":[{"href":"http:\/\/dacapo-frankenberg.de\/index.php?rest_route=\/wp\/v2\/types\/page"}],"author":[{"embeddable":true,"href":"http:\/\/dacapo-frankenberg.de\/index.php?rest_route=\/wp\/v2\/users\/1"}],"replies":[{"embeddable":true,"href":"http:\/\/dacapo-frankenberg.de\/index.php?rest_route=%2Fwp%2Fv2%2Fcomments&post=635"}],"version-history":[{"count":8,"href":"http:\/\/dacapo-frankenberg.de\/index.php?rest_route=\/wp\/v2\/pages\/635\/revisions"}],"predecessor-version":[{"id":1173,"href":"http:\/\/dacapo-frankenberg.de\/index.php?rest_route=\/wp\/v2\/pages\/635\/revisions\/1173"}],"up":[{"embeddable":true,"href":"http:\/\/dacapo-frankenberg.de\/index.php?rest_route=\/wp\/v2\/pages\/91"}],"wp:attachment":[{"href":"http:\/\/dacapo-frankenberg.de\/index.php?rest_route=%2Fwp%2Fv2%2Fmedia&parent=635"}],"curies":[{"name":"wp","href":"https:\/\/api.w.org\/{rel}","templated":true}]}}