{"id":89,"date":"2014-05-31T17:03:24","date_gmt":"2014-05-31T15:03:24","guid":{"rendered":"http:\/\/dacapo-frankenberg.de\/?page_id=89"},"modified":"2024-01-09T07:42:22","modified_gmt":"2024-01-09T06:42:22","slug":"ueber-uns","status":"publish","type":"page","link":"http:\/\/dacapo-frankenberg.de\/?page_id=89","title":{"rendered":"\u00dcber uns"},"content":{"rendered":"<p>Das Gesangsensemble <strong><em>Da Capo Frankenberg <\/em><\/strong>gr\u00fcndete sich 2004 aus vier Sch\u00fclern des Leistungskurses Musik der Edertalschule Frankenberg.<\/p>\n<p>Inzwischen besteht das aus Ensemble aus 12 Mitgliedern, die in unterschiedlichen Konstellationen auftreten: Frauen- oder auch M\u00e4nnerchor, sowohl in kleiner, als auch in gro\u00dfer Besetzung, ist das Ensemble zu h\u00f6ren.<\/p>\n<p>Das Ensemble verf\u00fcgt \u00fcber ein breit gef\u00e4chertes Repertoire, das sowohl geistliche als auch weltliche Literatur verschiedener Epochen umfasst.<\/p>\n<p>Im Jahr 2006 gewann das Ensemble den 1. Preis beim regionalen Wettbewerb der Musikschulen in Bad Wildungen.<\/p>\n<p><strong><em>Da Capo Frankenberg<\/em><\/strong> hat im Kreis Waldeck-Frankenberg eine rege Konzertt\u00e4tigkeit mit zwei gro\u00dfen Konzerten im Jahr, darunter das beliebte Weihnachtskonzert, das jedes Jahr am 27. Dezember stattfindet. Dar\u00fcber hinaus tritt das Ensemble bei Anl\u00e4ssen verschiedener Art auf, wie zum Beispiel in Gottesdiensten, Benefizveranstaltungen, Konzerten anderer Gruppen, sowie \u00f6ffentlichen und privaten Feierlichkeiten.<\/p>\n","protected":false},"excerpt":{"rendered":"<p>Das Gesangsensemble Da Capo Frankenberg gr\u00fcndete sich 2004 aus vier Sch\u00fclern des Leistungskurses Musik der Edertalschule Frankenberg. Inzwischen besteht das aus Ensemble aus 12 Mitgliedern, die in unterschiedlichen Konstellationen auftreten: Frauen- oder auch M\u00e4nnerchor, sowohl in kleiner, als auch in gro\u00dfer Besetzung, ist das Ensemble zu h\u00f6ren. Das Ensemble verf\u00fcgt \u00fcber ein breit gef\u00e4chertes Repertoire, [&hellip;]<\/p>\n","protected":false},"author":1,"featured_media":0,"parent":0,"menu_order":10,"comment_status":"closed","ping_status":"closed","template":"","meta":{"ngg_post_thumbnail":0,"ocean_post_layout":"","ocean_both_sidebars_style":"","ocean_both_sidebars_content_width":0,"ocean_both_sidebars_sidebars_width":0,"ocean_sidebar":"","ocean_second_sidebar":"","ocean_disable_margins":"enable","ocean_add_body_class":"","ocean_shortcode_before_top_bar":"","ocean_shortcode_after_top_bar":"","ocean_shortcode_before_header":"","ocean_shortcode_after_header":"","ocean_has_shortcode":"","ocean_shortcode_after_title":"","ocean_shortcode_before_footer_widgets":"","ocean_shortcode_after_footer_widgets":"","ocean_shortcode_before_footer_bottom":"","ocean_shortcode_after_footer_bottom":"","ocean_display_top_bar":"off","ocean_display_header":"default","ocean_header_style":"","ocean_center_header_left_menu":"","ocean_custom_header_template":"","ocean_custom_logo":0,"ocean_custom_retina_logo":0,"ocean_custom_logo_max_width":0,"ocean_custom_logo_tablet_max_width":0,"ocean_custom_logo_mobile_max_width":0,"ocean_custom_logo_max_height":0,"ocean_custom_logo_tablet_max_height":0,"ocean_custom_logo_mobile_max_height":0,"ocean_header_custom_menu":"","ocean_menu_typo_font_family":"","ocean_menu_typo_font_subset":"","ocean_menu_typo_font_size":0,"ocean_menu_typo_font_size_tablet":0,"ocean_menu_typo_font_size_mobile":0,"ocean_menu_typo_font_size_unit":"px","ocean_menu_typo_font_weight":"","ocean_menu_typo_font_weight_tablet":"","ocean_menu_typo_font_weight_mobile":"","ocean_menu_typo_transform":"","ocean_menu_typo_transform_tablet":"","ocean_menu_typo_transform_mobile":"","ocean_menu_typo_line_height":0,"ocean_menu_typo_line_height_tablet":0,"ocean_menu_typo_line_height_mobile":0,"ocean_menu_typo_line_height_unit":"","ocean_menu_typo_spacing":0,"ocean_menu_typo_spacing_tablet":0,"ocean_menu_typo_spacing_mobile":0,"ocean_menu_typo_spacing_unit":"","ocean_menu_link_color":"","ocean_menu_link_color_hover":"","ocean_menu_link_color_active":"","ocean_menu_link_background":"","ocean_menu_link_hover_background":"","ocean_menu_link_active_background":"","ocean_menu_social_links_bg":"","ocean_menu_social_hover_links_bg":"","ocean_menu_social_links_color":"","ocean_menu_social_hover_links_color":"","ocean_disable_title":"default","ocean_disable_heading":"default","ocean_post_title":"","ocean_post_subheading":"","ocean_post_title_style":"","ocean_post_title_background_color":"","ocean_post_title_background":0,"ocean_post_title_bg_image_position":"","ocean_post_title_bg_image_attachment":"","ocean_post_title_bg_image_repeat":"","ocean_post_title_bg_image_size":"","ocean_post_title_height":0,"ocean_post_title_bg_overlay":0.5,"ocean_post_title_bg_overlay_color":"","ocean_disable_breadcrumbs":"default","ocean_breadcrumbs_color":"","ocean_breadcrumbs_separator_color":"","ocean_breadcrumbs_links_color":"","ocean_breadcrumbs_links_hover_color":"","ocean_display_footer_widgets":"off","ocean_display_footer_bottom":"off","ocean_custom_footer_template":"","footnotes":""},"class_list":["post-89","page","type-page","status-publish","hentry","entry"],"_links":{"self":[{"href":"http:\/\/dacapo-frankenberg.de\/index.php?rest_route=\/wp\/v2\/pages\/89","targetHints":{"allow":["GET"]}}],"collection":[{"href":"http:\/\/dacapo-frankenberg.de\/index.php?rest_route=\/wp\/v2\/pages"}],"about":[{"href":"http:\/\/dacapo-frankenberg.de\/index.php?rest_route=\/wp\/v2\/types\/page"}],"author":[{"embeddable":true,"href":"http:\/\/dacapo-frankenberg.de\/index.php?rest_route=\/wp\/v2\/users\/1"}],"replies":[{"embeddable":true,"href":"http:\/\/dacapo-frankenberg.de\/index.php?rest_route=%2Fwp%2Fv2%2Fcomments&post=89"}],"version-history":[{"count":8,"href":"http:\/\/dacapo-frankenberg.de\/index.php?rest_route=\/wp\/v2\/pages\/89\/revisions"}],"predecessor-version":[{"id":1124,"href":"http:\/\/dacapo-frankenberg.de\/index.php?rest_route=\/wp\/v2\/pages\/89\/revisions\/1124"}],"wp:attachment":[{"href":"http:\/\/dacapo-frankenberg.de\/index.php?rest_route=%2Fwp%2Fv2%2Fmedia&parent=89"}],"curies":[{"name":"wp","href":"https:\/\/api.w.org\/{rel}","templated":true}]}}