{"id":93,"date":"2014-05-31T17:09:45","date_gmt":"2014-05-31T15:09:45","guid":{"rendered":"http:\/\/dacapo-frankenberg.de\/?page_id=93"},"modified":"2025-07-14T16:33:09","modified_gmt":"2025-07-14T15:33:09","slug":"johanna-tripp","status":"publish","type":"page","link":"http:\/\/dacapo-frankenberg.de\/?page_id=93","title":{"rendered":"Johanna Tripp, Mezzosopran"},"content":{"rendered":"\t\t<div data-elementor-type=\"wp-page\" data-elementor-id=\"93\" class=\"elementor elementor-93\">\n\t\t\t\t<div class=\"elementor-element elementor-element-3fbaba5 e-flex e-con-boxed e-con e-parent\" data-id=\"3fbaba5\" data-element_type=\"container\" data-e-type=\"container\">\n\t\t\t\t\t<div class=\"e-con-inner\">\n\t\t<div class=\"elementor-element elementor-element-2d5c2a5 e-con-full e-flex e-con e-child\" data-id=\"2d5c2a5\" data-element_type=\"container\" data-e-type=\"container\">\n\t\t\t\t<div class=\"elementor-element elementor-element-2f8ddbc elementor-widget elementor-widget-text-editor\" data-id=\"2f8ddbc\" data-element_type=\"widget\" data-e-type=\"widget\" data-widget_type=\"text-editor.default\">\n\t\t\t\t<div class=\"elementor-widget-container\">\n\t\t\t\t\t\t\t\t\t<p>ist die Leiterin des Ensembles. Sie studierte Gymnasiallehramt an der Hochschule f\u00fcr Musik Detmold und der Universit\u00e4t Paderborn f\u00fcr die F\u00e4cher Musik und evangelische Religion. Innerhalb ihres Schulmusikstudiums war ihr Hauptfach Gesang (Klasse Prof. Markus K\u00f6hler), ebenfalls hat sie einen Schwerpunkt im Fach Chorleitung gesetzt. Hier erhielt sie Unterricht bei Prof. Anne Kohler und Keno Weber. Schon als Sch\u00fclerin hat sie Ch\u00f6re im Kirchenkreis geleitet. Seit 2009 leitet sie projektweise den Frankenberger Kammerchor und seit 2013 den gemischten Chor \u201eQuerbeat\u201c in Bad Salzuflen-W\u00fcsten. Sie war Mitglied des Kammerchores der HfM Detmold unter Leitung von Prof. Anne Kohler. Der Kammerchor hat eine rege Konzertt\u00e4tigkeit und nimmt regelm\u00e4\u00dfig erfolgreich bei nationalen und internationalen Chorwettbewerben teil.<\/p><p>Seit November 2017 ist Johanna Referendarin am Rudolph-Brandes-Gymnasium in Bad Salzuflen.\u00a0<\/p><p>Sie ist Gr\u00fcndungsmitglied des Ensembles\u00a0<strong>Da Capo Frankenberg<\/strong>.<\/p>\t\t\t\t\t\t\t\t<\/div>\n\t\t\t\t<\/div>\n\t\t\t\t<\/div>\n\t\t<div class=\"elementor-element elementor-element-cb6941b e-con-full e-flex e-con e-child\" data-id=\"cb6941b\" data-element_type=\"container\" data-e-type=\"container\">\n\t\t\t\t<div class=\"elementor-element elementor-element-e5d2631 elementor-widget elementor-widget-image\" data-id=\"e5d2631\" data-element_type=\"widget\" data-e-type=\"widget\" data-widget_type=\"image.default\">\n\t\t\t\t<div class=\"elementor-widget-container\">\n\t\t\t\t\t\t\t\t\t\t\t\t<figure class=\"wp-caption\">\n\t\t\t\t\t\t\t\t\t\t<img fetchpriority=\"high\" decoding=\"async\" width=\"636\" height=\"1024\" src=\"http:\/\/dacapo-frankenberg.de\/wp-content\/uploads\/2024\/01\/Johanna-Tripp.jpg\" class=\"attachment-large size-large wp-image-1167\" alt=\"\" srcset=\"http:\/\/dacapo-frankenberg.de\/wp-content\/uploads\/2024\/01\/Johanna-Tripp.jpg 636w, http:\/\/dacapo-frankenberg.de\/wp-content\/uploads\/2024\/01\/Johanna-Tripp-186x300.jpg 186w\" sizes=\"(max-width: 636px) 100vw, 636px\" \/>\t\t\t\t\t\t\t\t\t\t\t<figcaption class=\"widget-image-caption wp-caption-text\">Johanna Tripp, Mezzosopran<\/figcaption>\n\t\t\t\t\t\t\t\t\t\t<\/figure>\n\t\t\t\t\t\t\t\t\t<\/div>\n\t\t\t\t<\/div>\n\t\t\t\t<\/div>\n\t\t\t\t\t<\/div>\n\t\t\t\t<\/div>\n\t\t\t\t<\/div>\n\t\t","protected":false},"excerpt":{"rendered":"<p>ist die Leiterin des Ensembles. Sie studierte Gymnasiallehramt an der Hochschule f\u00fcr Musik Detmold und der Universit\u00e4t Paderborn f\u00fcr die F\u00e4cher Musik und evangelische Religion. Innerhalb ihres Schulmusikstudiums war ihr Hauptfach Gesang (Klasse Prof. Markus K\u00f6hler), ebenfalls hat sie einen Schwerpunkt im Fach Chorleitung gesetzt. Hier erhielt sie Unterricht bei Prof. Anne Kohler und Keno [&hellip;]<\/p>\n","protected":false},"author":1,"featured_media":0,"parent":91,"menu_order":10,"comment_status":"closed","ping_status":"closed","template":"","meta":{"ngg_post_thumbnail":0,"ocean_post_layout":"","ocean_both_sidebars_style":"","ocean_both_sidebars_content_width":0,"ocean_both_sidebars_sidebars_width":0,"ocean_sidebar":"","ocean_second_sidebar":"","ocean_disable_margins":"enable","ocean_add_body_class":"","ocean_shortcode_before_top_bar":"","ocean_shortcode_after_top_bar":"","ocean_shortcode_before_header":"","ocean_shortcode_after_header":"","ocean_has_shortcode":"","ocean_shortcode_after_title":"","ocean_shortcode_before_footer_widgets":"","ocean_shortcode_after_footer_widgets":"","ocean_shortcode_before_footer_bottom":"","ocean_shortcode_after_footer_bottom":"","ocean_display_top_bar":"default","ocean_display_header":"default","ocean_header_style":"","ocean_center_header_left_menu":"","ocean_custom_header_template":"","ocean_custom_logo":0,"ocean_custom_retina_logo":0,"ocean_custom_logo_max_width":0,"ocean_custom_logo_tablet_max_width":0,"ocean_custom_logo_mobile_max_width":0,"ocean_custom_logo_max_height":0,"ocean_custom_logo_tablet_max_height":0,"ocean_custom_logo_mobile_max_height":0,"ocean_header_custom_menu":"","ocean_menu_typo_font_family":"","ocean_menu_typo_font_subset":"","ocean_menu_typo_font_size":0,"ocean_menu_typo_font_size_tablet":0,"ocean_menu_typo_font_size_mobile":0,"ocean_menu_typo_font_size_unit":"px","ocean_menu_typo_font_weight":"","ocean_menu_typo_font_weight_tablet":"","ocean_menu_typo_font_weight_mobile":"","ocean_menu_typo_transform":"","ocean_menu_typo_transform_tablet":"","ocean_menu_typo_transform_mobile":"","ocean_menu_typo_line_height":0,"ocean_menu_typo_line_height_tablet":0,"ocean_menu_typo_line_height_mobile":0,"ocean_menu_typo_line_height_unit":"","ocean_menu_typo_spacing":0,"ocean_menu_typo_spacing_tablet":0,"ocean_menu_typo_spacing_mobile":0,"ocean_menu_typo_spacing_unit":"","ocean_menu_link_color":"","ocean_menu_link_color_hover":"","ocean_menu_link_color_active":"","ocean_menu_link_background":"","ocean_menu_link_hover_background":"","ocean_menu_link_active_background":"","ocean_menu_social_links_bg":"","ocean_menu_social_hover_links_bg":"","ocean_menu_social_links_color":"","ocean_menu_social_hover_links_color":"","ocean_disable_title":"default","ocean_disable_heading":"default","ocean_post_title":"","ocean_post_subheading":"","ocean_post_title_style":"","ocean_post_title_background_color":"","ocean_post_title_background":0,"ocean_post_title_bg_image_position":"","ocean_post_title_bg_image_attachment":"","ocean_post_title_bg_image_repeat":"","ocean_post_title_bg_image_size":"","ocean_post_title_height":0,"ocean_post_title_bg_overlay":0.5,"ocean_post_title_bg_overlay_color":"","ocean_disable_breadcrumbs":"default","ocean_breadcrumbs_color":"","ocean_breadcrumbs_separator_color":"","ocean_breadcrumbs_links_color":"","ocean_breadcrumbs_links_hover_color":"","ocean_display_footer_widgets":"default","ocean_display_footer_bottom":"default","ocean_custom_footer_template":"","footnotes":""},"class_list":["post-93","page","type-page","status-publish","hentry","entry"],"_links":{"self":[{"href":"http:\/\/dacapo-frankenberg.de\/index.php?rest_route=\/wp\/v2\/pages\/93","targetHints":{"allow":["GET"]}}],"collection":[{"href":"http:\/\/dacapo-frankenberg.de\/index.php?rest_route=\/wp\/v2\/pages"}],"about":[{"href":"http:\/\/dacapo-frankenberg.de\/index.php?rest_route=\/wp\/v2\/types\/page"}],"author":[{"embeddable":true,"href":"http:\/\/dacapo-frankenberg.de\/index.php?rest_route=\/wp\/v2\/users\/1"}],"replies":[{"embeddable":true,"href":"http:\/\/dacapo-frankenberg.de\/index.php?rest_route=%2Fwp%2Fv2%2Fcomments&post=93"}],"version-history":[{"count":21,"href":"http:\/\/dacapo-frankenberg.de\/index.php?rest_route=\/wp\/v2\/pages\/93\/revisions"}],"predecessor-version":[{"id":1176,"href":"http:\/\/dacapo-frankenberg.de\/index.php?rest_route=\/wp\/v2\/pages\/93\/revisions\/1176"}],"up":[{"embeddable":true,"href":"http:\/\/dacapo-frankenberg.de\/index.php?rest_route=\/wp\/v2\/pages\/91"}],"wp:attachment":[{"href":"http:\/\/dacapo-frankenberg.de\/index.php?rest_route=%2Fwp%2Fv2%2Fmedia&parent=93"}],"curies":[{"name":"wp","href":"https:\/\/api.w.org\/{rel}","templated":true}]}}