{"id":992,"date":"2022-11-09T22:40:58","date_gmt":"2022-11-09T20:40:58","guid":{"rendered":"http:\/\/dacapo-frankenberg.de\/?page_id=992"},"modified":"2025-07-14T16:34:04","modified_gmt":"2025-07-14T15:34:04","slug":"florian-metzger-tenor","status":"publish","type":"page","link":"http:\/\/dacapo-frankenberg.de\/?page_id=992","title":{"rendered":"Florian Metzger, Tenor"},"content":{"rendered":"\t\t<div data-elementor-type=\"wp-page\" data-elementor-id=\"992\" class=\"elementor elementor-992\">\n\t\t\t\t<div class=\"elementor-element elementor-element-4c75816 e-flex e-con-boxed e-con e-parent\" data-id=\"4c75816\" data-element_type=\"container\" data-e-type=\"container\">\n\t\t\t\t\t<div class=\"e-con-inner\">\n\t\t<div class=\"elementor-element elementor-element-baaa7a4 e-con-full e-flex e-con e-child\" data-id=\"baaa7a4\" data-element_type=\"container\" data-e-type=\"container\">\n\t\t\t\t<div class=\"elementor-element elementor-element-df21b34 elementor-widget elementor-widget-text-editor\" data-id=\"df21b34\" data-element_type=\"widget\" data-e-type=\"widget\" data-widget_type=\"text-editor.default\">\n\t\t\t\t<div class=\"elementor-widget-container\">\n\t\t\t\t\t\t\t\t\t<p>Florian Metzger fand \u00fcber den Klavier- und Orgelunterricht zum Singen. Nach langj\u00e4hrigen Chort\u00e4tigkeiten in der Paul-Eber-Kantorei Kitzingen und dem Kammerchor St. Johannes in Kitzingen, sang er nach seinem Umzug nach W\u00fcrttemberg im Domchor in Rottenburg am Neckar. Musikalisch spielte er als nebenberuflicher Organist seit 25 Jahren an vielen verschiedenen Orgeln, ist auch heute in verschiedenen Gemeinden aushilfsweise t\u00e4tig und hat eine Vorliebe f\u00fcr historische Orgeln.<\/p>\n<p>In seinem Hauptberuf ist er Arzt, leitet eine Klinik in Haina und ist Professor am Universit\u00e4tsklinikum T\u00fcbingen.\u00a0<\/p>\n<p>Ansonsten f\u00e4hrt er gerne Fahrrad und ist Mitglied des Kirchenvorstandes der Liebfrauenkirche in Frankenberg.<\/p>\t\t\t\t\t\t\t\t<\/div>\n\t\t\t\t<\/div>\n\t\t\t\t<\/div>\n\t\t<div class=\"elementor-element elementor-element-c1aa446 e-con-full e-flex e-con e-child\" data-id=\"c1aa446\" data-element_type=\"container\" data-e-type=\"container\">\n\t\t\t\t<div class=\"elementor-element elementor-element-9029c3d elementor-widget elementor-widget-image\" data-id=\"9029c3d\" data-element_type=\"widget\" data-e-type=\"widget\" data-widget_type=\"image.default\">\n\t\t\t\t<div class=\"elementor-widget-container\">\n\t\t\t\t\t\t\t\t\t\t\t\t<figure class=\"wp-caption\">\n\t\t\t\t\t\t\t\t\t\t<img fetchpriority=\"high\" decoding=\"async\" width=\"768\" height=\"1024\" src=\"https:\/\/dacapo-frankenberg.de\/wp-content\/uploads\/2022\/11\/Florian-Metzger-1-768x1024.jpg\" class=\"attachment-large size-large wp-image-1001\" alt=\"\" srcset=\"https:\/\/dacapo-frankenberg.de\/wp-content\/uploads\/2022\/11\/Florian-Metzger-1-768x1024.jpg 768w, https:\/\/dacapo-frankenberg.de\/wp-content\/uploads\/2022\/11\/Florian-Metzger-1-225x300.jpg 225w, https:\/\/dacapo-frankenberg.de\/wp-content\/uploads\/2022\/11\/Florian-Metzger-1-1152x1536.jpg 1152w, https:\/\/dacapo-frankenberg.de\/wp-content\/uploads\/2022\/11\/Florian-Metzger-1-624x832.jpg 624w, https:\/\/dacapo-frankenberg.de\/wp-content\/uploads\/2022\/11\/Florian-Metzger-1.jpg 1183w\" sizes=\"(max-width: 768px) 100vw, 768px\" \/>\t\t\t\t\t\t\t\t\t\t\t<figcaption class=\"widget-image-caption wp-caption-text\">Florian Metzger, Tenor<\/figcaption>\n\t\t\t\t\t\t\t\t\t\t<\/figure>\n\t\t\t\t\t\t\t\t\t<\/div>\n\t\t\t\t<\/div>\n\t\t\t\t<\/div>\n\t\t\t\t\t<\/div>\n\t\t\t\t<\/div>\n\t\t<div class=\"elementor-element elementor-element-2c5c6567 e-flex e-con-boxed e-con e-parent\" data-id=\"2c5c6567\" data-element_type=\"container\" data-e-type=\"container\">\n\t\t\t\t\t<div class=\"e-con-inner\">\n\t\t<div class=\"elementor-element elementor-element-4a8a7694 e-con-full e-flex e-con e-child\" data-id=\"4a8a7694\" data-element_type=\"container\" data-e-type=\"container\">\n\t\t\t\t<div class=\"elementor-element elementor-element-707c95cb elementor-widget elementor-widget-text-editor\" data-id=\"707c95cb\" data-element_type=\"widget\" data-e-type=\"widget\" data-widget_type=\"text-editor.default\">\n\t\t\t\t<div class=\"elementor-widget-container\">\n\t\t\t\t\t\t\t\t\t<p>Florian Metzger fand \u00fcber den Klavier- und Orgelunterricht zum Singen. Nach langj\u00e4hrigen Chort\u00e4tigkeiten in der Paul-Eber-Kantorei Kitzingen und dem Kammerchor St. Johannes in Kitzingen, sang er nach seinem Umzug nach W\u00fcrttemberg im Domchor in Rottenburg am Neckar. Musikalisch spielte er als nebenberuflicher Organist seit 25 Jahren an vielen verschiedenen Orgeln, ist auch heute in verschiedenen Gemeinden aushilfsweise t\u00e4tig und hat eine Vorliebe f\u00fcr historische Orgeln.<\/p>\n<p>In seinem Hauptberuf ist er Arzt, leitet eine Klinik in Haina und ist Professor am Universit\u00e4tsklinikum T\u00fcbingen.\u00a0<\/p>\n<p>Ansonsten f\u00e4hrt er gerne Fahrrad und ist Mitglied des Kirchenvorstandes der Liebfrauenkirche in Frankenberg.<\/p>\t\t\t\t\t\t\t\t<\/div>\n\t\t\t\t<\/div>\n\t\t\t\t<\/div>\n\t\t<div class=\"elementor-element elementor-element-4b9e6fc6 e-con-full e-flex e-con e-child\" data-id=\"4b9e6fc6\" data-element_type=\"container\" data-e-type=\"container\">\n\t\t\t\t<div class=\"elementor-element elementor-element-4cd558bb elementor-widget elementor-widget-image\" data-id=\"4cd558bb\" data-element_type=\"widget\" data-e-type=\"widget\" data-widget_type=\"image.default\">\n\t\t\t\t<div class=\"elementor-widget-container\">\n\t\t\t\t\t\t\t\t\t\t\t\t<figure class=\"wp-caption\">\n\t\t\t\t\t\t\t\t\t\t<img fetchpriority=\"high\" decoding=\"async\" width=\"768\" height=\"1024\" src=\"https:\/\/dacapo-frankenberg.de\/wp-content\/uploads\/2022\/11\/Florian-Metzger-1-768x1024.jpg\" class=\"attachment-large size-large wp-image-1001\" alt=\"\" srcset=\"https:\/\/dacapo-frankenberg.de\/wp-content\/uploads\/2022\/11\/Florian-Metzger-1-768x1024.jpg 768w, https:\/\/dacapo-frankenberg.de\/wp-content\/uploads\/2022\/11\/Florian-Metzger-1-225x300.jpg 225w, https:\/\/dacapo-frankenberg.de\/wp-content\/uploads\/2022\/11\/Florian-Metzger-1-1152x1536.jpg 1152w, https:\/\/dacapo-frankenberg.de\/wp-content\/uploads\/2022\/11\/Florian-Metzger-1-624x832.jpg 624w, https:\/\/dacapo-frankenberg.de\/wp-content\/uploads\/2022\/11\/Florian-Metzger-1.jpg 1183w\" sizes=\"(max-width: 768px) 100vw, 768px\" \/>\t\t\t\t\t\t\t\t\t\t\t<figcaption class=\"widget-image-caption wp-caption-text\">Florian Metzger, Tenor<\/figcaption>\n\t\t\t\t\t\t\t\t\t\t<\/figure>\n\t\t\t\t\t\t\t\t\t<\/div>\n\t\t\t\t<\/div>\n\t\t\t\t<\/div>\n\t\t\t\t\t<\/div>\n\t\t\t\t<\/div>\n\t\t\t\t<\/div>\n\t\t","protected":false},"excerpt":{"rendered":"<p>Florian Metzger fand \u00fcber den Klavier- und Orgelunterricht zum Singen. Nach langj\u00e4hrigen Chort\u00e4tigkeiten in der Paul-Eber-Kantorei Kitzingen und dem Kammerchor St. Johannes in Kitzingen, sang er nach seinem Umzug nach W\u00fcrttemberg im Domchor in Rottenburg am Neckar. Musikalisch spielte er als nebenberuflicher Organist seit 25 Jahren an vielen verschiedenen Orgeln, ist auch heute in verschiedenen [&hellip;]<\/p>\n","protected":false},"author":1,"featured_media":0,"parent":91,"menu_order":32,"comment_status":"closed","ping_status":"closed","template":"","meta":{"ngg_post_thumbnail":0,"ocean_post_layout":"","ocean_both_sidebars_style":"","ocean_both_sidebars_content_width":0,"ocean_both_sidebars_sidebars_width":0,"ocean_sidebar":"","ocean_second_sidebar":"","ocean_disable_margins":"enable","ocean_add_body_class":"","ocean_shortcode_before_top_bar":"","ocean_shortcode_after_top_bar":"","ocean_shortcode_before_header":"","ocean_shortcode_after_header":"","ocean_has_shortcode":"","ocean_shortcode_after_title":"","ocean_shortcode_before_footer_widgets":"","ocean_shortcode_after_footer_widgets":"","ocean_shortcode_before_footer_bottom":"","ocean_shortcode_after_footer_bottom":"","ocean_display_top_bar":"default","ocean_display_header":"default","ocean_header_style":"","ocean_center_header_left_menu":"","ocean_custom_header_template":"","ocean_custom_logo":0,"ocean_custom_retina_logo":0,"ocean_custom_logo_max_width":0,"ocean_custom_logo_tablet_max_width":0,"ocean_custom_logo_mobile_max_width":0,"ocean_custom_logo_max_height":0,"ocean_custom_logo_tablet_max_height":0,"ocean_custom_logo_mobile_max_height":0,"ocean_header_custom_menu":"","ocean_menu_typo_font_family":"","ocean_menu_typo_font_subset":"","ocean_menu_typo_font_size":0,"ocean_menu_typo_font_size_tablet":0,"ocean_menu_typo_font_size_mobile":0,"ocean_menu_typo_font_size_unit":"px","ocean_menu_typo_font_weight":"","ocean_menu_typo_font_weight_tablet":"","ocean_menu_typo_font_weight_mobile":"","ocean_menu_typo_transform":"","ocean_menu_typo_transform_tablet":"","ocean_menu_typo_transform_mobile":"","ocean_menu_typo_line_height":0,"ocean_menu_typo_line_height_tablet":0,"ocean_menu_typo_line_height_mobile":0,"ocean_menu_typo_line_height_unit":"","ocean_menu_typo_spacing":0,"ocean_menu_typo_spacing_tablet":0,"ocean_menu_typo_spacing_mobile":0,"ocean_menu_typo_spacing_unit":"","ocean_menu_link_color":"","ocean_menu_link_color_hover":"","ocean_menu_link_color_active":"","ocean_menu_link_background":"","ocean_menu_link_hover_background":"","ocean_menu_link_active_background":"","ocean_menu_social_links_bg":"","ocean_menu_social_hover_links_bg":"","ocean_menu_social_links_color":"","ocean_menu_social_hover_links_color":"","ocean_disable_title":"default","ocean_disable_heading":"default","ocean_post_title":"","ocean_post_subheading":"","ocean_post_title_style":"","ocean_post_title_background_color":"","ocean_post_title_background":0,"ocean_post_title_bg_image_position":"","ocean_post_title_bg_image_attachment":"","ocean_post_title_bg_image_repeat":"","ocean_post_title_bg_image_size":"","ocean_post_title_height":0,"ocean_post_title_bg_overlay":0.5,"ocean_post_title_bg_overlay_color":"","ocean_disable_breadcrumbs":"default","ocean_breadcrumbs_color":"","ocean_breadcrumbs_separator_color":"","ocean_breadcrumbs_links_color":"","ocean_breadcrumbs_links_hover_color":"","ocean_display_footer_widgets":"default","ocean_display_footer_bottom":"default","ocean_custom_footer_template":"","footnotes":""},"class_list":["post-992","page","type-page","status-publish","hentry","entry"],"_links":{"self":[{"href":"http:\/\/dacapo-frankenberg.de\/index.php?rest_route=\/wp\/v2\/pages\/992","targetHints":{"allow":["GET"]}}],"collection":[{"href":"http:\/\/dacapo-frankenberg.de\/index.php?rest_route=\/wp\/v2\/pages"}],"about":[{"href":"http:\/\/dacapo-frankenberg.de\/index.php?rest_route=\/wp\/v2\/types\/page"}],"author":[{"embeddable":true,"href":"http:\/\/dacapo-frankenberg.de\/index.php?rest_route=\/wp\/v2\/users\/1"}],"replies":[{"embeddable":true,"href":"http:\/\/dacapo-frankenberg.de\/index.php?rest_route=%2Fwp%2Fv2%2Fcomments&post=992"}],"version-history":[{"count":11,"href":"http:\/\/dacapo-frankenberg.de\/index.php?rest_route=\/wp\/v2\/pages\/992\/revisions"}],"predecessor-version":[{"id":1296,"href":"http:\/\/dacapo-frankenberg.de\/index.php?rest_route=\/wp\/v2\/pages\/992\/revisions\/1296"}],"up":[{"embeddable":true,"href":"http:\/\/dacapo-frankenberg.de\/index.php?rest_route=\/wp\/v2\/pages\/91"}],"wp:attachment":[{"href":"http:\/\/dacapo-frankenberg.de\/index.php?rest_route=%2Fwp%2Fv2%2Fmedia&parent=992"}],"curies":[{"name":"wp","href":"https:\/\/api.w.org\/{rel}","templated":true}]}}